{"id":772,"date":"2024-11-27T11:30:42","date_gmt":"2024-11-27T11:30:42","guid":{"rendered":"https:\/\/submittolux.com\/?page_id=772"},"modified":"2024-12-22T12:15:59","modified_gmt":"2024-12-22T12:15:59","slug":"over-lux","status":"publish","type":"page","link":"https:\/\/submittolux.com\/nl\/over-lux\/","title":{"rendered":"Over Lux"},"content":{"rendered":"\t\t<div data-elementor-type=\"wp-page\" data-elementor-id=\"772\" class=\"elementor elementor-772 elementor-28\" data-elementor-post-type=\"page\">\n\t\t\t\t<div class=\"elementor-element elementor-element-666ea97 e-flex e-con-boxed e-con e-parent\" data-id=\"666ea97\" data-element_type=\"container\" data-settings=\"{&quot;background_background&quot;:&quot;classic&quot;}\">\n\t\t\t\t\t<div class=\"e-con-inner\">\n\t\t\t\t<div class=\"elementor-element elementor-element-9cbce23 elementor-widget elementor-widget-art-heading\" data-id=\"9cbce23\" data-element_type=\"widget\" data-widget_type=\"art-heading.default\">\n\t\t\t\t<div class=\"elementor-widget-container\">\n\t\t\t\t\t\r\n        <h2 class=\"art-heading-text art-h1\">Over 'The Lady' Lux<\/h2>\r\n        \t\t\t\t<\/div>\n\t\t\t\t<\/div>\n\t\t\t\t\t<\/div>\n\t\t\t\t<\/div>\n\t\t<div class=\"elementor-element elementor-element-cf46aba e-flex e-con-boxed e-con e-parent\" data-id=\"cf46aba\" data-element_type=\"container\" data-settings=\"{&quot;background_background&quot;:&quot;classic&quot;}\">\n\t\t\t\t\t<div class=\"e-con-inner\">\n\t\t<div class=\"elementor-element elementor-element-08f17e5 e-con-full e-flex e-con e-child\" data-id=\"08f17e5\" data-element_type=\"container\">\n\t\t\t\t<div class=\"elementor-element elementor-element-821d8ea elementor-widget__width-initial elementor-widget elementor-widget-image\" data-id=\"821d8ea\" data-element_type=\"widget\" data-widget_type=\"image.default\">\n\t\t\t\t<div class=\"elementor-widget-container\">\n\t\t\t\t\t\t\t\t\t\t\t\t\t\t\t<img fetchpriority=\"high\" decoding=\"async\" width=\"1024\" height=\"1024\" src=\"https:\/\/cdn.theladylux.com\/com-submittolux\/wp-content\/uploads\/2024\/12\/05140158\/Ontwerp-zonder-titel-62-1024x1024.png\" class=\"attachment-large size-large wp-image-331\" alt=\"The Lady Lux\" srcset=\"https:\/\/cdn.theladylux.com\/com-submittolux\/wp-content\/uploads\/2024\/12\/05140158\/Ontwerp-zonder-titel-62-1024x1024.png 1024w, https:\/\/cdn.theladylux.com\/com-submittolux\/wp-content\/uploads\/2024\/12\/05140158\/Ontwerp-zonder-titel-62-300x300.png 300w, https:\/\/cdn.theladylux.com\/com-submittolux\/wp-content\/uploads\/2024\/12\/05140158\/Ontwerp-zonder-titel-62-150x150.png 150w, https:\/\/cdn.theladylux.com\/com-submittolux\/wp-content\/uploads\/2024\/12\/05140158\/Ontwerp-zonder-titel-62-768x768.png 768w, https:\/\/cdn.theladylux.com\/com-submittolux\/wp-content\/uploads\/2024\/12\/05140158\/Ontwerp-zonder-titel-62-555x555.png 555w, https:\/\/cdn.theladylux.com\/com-submittolux\/wp-content\/uploads\/2024\/12\/05140158\/Ontwerp-zonder-titel-62.png 1080w\" sizes=\"(max-width: 1024px) 100vw, 1024px\" \/>\t\t\t\t\t\t\t\t\t\t\t\t\t\t\t<\/div>\n\t\t\t\t<\/div>\n\t\t\t\t<\/div>\n\t\t<div class=\"elementor-element elementor-element-03065f8 e-con-full e-flex e-con e-child\" data-id=\"03065f8\" data-element_type=\"container\">\n\t\t\t\t<div class=\"elementor-element elementor-element-cdb932b elementor-widget elementor-widget-art-heading\" data-id=\"cdb932b\" data-element_type=\"widget\" data-widget_type=\"art-heading.default\">\n\t\t\t\t<div class=\"elementor-widget-container\">\n\t\t\t\t\t\r\n        <h2 class=\"art-heading-text art-h1\">Milady<\/h2>\r\n        \t\t\t\t<\/div>\n\t\t\t\t<\/div>\n\t\t\t\t<div class=\"elementor-element elementor-element-de294c0 elementor-widget elementor-widget-text-editor\" data-id=\"de294c0\" data-element_type=\"widget\" data-widget_type=\"text-editor.default\">\n\t\t\t\t<div class=\"elementor-widget-container\">\n\t\t\t\t\t\t\t\t\t<p>De titels \u2018Lady\u2019 of \u2018Milady\u2019 zijn niet zomaar willekeurige bijnamen op sociale media; naast mijn verfijning en stijl verwijzen deze titels naar mijn echte adellijke afkomst. Ik ben een afstammeling van een beruchte Nederlandse heer, en mijn voorouders hielden een kasteel 156 jaar lang in bezit. Wat betreft de andere tak van mijn familie, ben ik een afstammeling van een burggraaf. In tegenstelling tot mijn beruchte voorvader, die \u2018heksen\u2019 kwelde, reserveer ik straffen uitsluitend voor degenen die ernaar verlangen en het nodig hebben. Met mijn kennis van psychologie en lichaamstaal observeer en respecteer ik zorgvuldig de grenzen van mijn onderdanen.<\/p>\t\t\t\t\t\t\t\t<\/div>\n\t\t\t\t<\/div>\n\t\t\t\t<\/div>\n\t\t\t\t\t<\/div>\n\t\t\t\t<\/div>\n\t\t<div class=\"elementor-element elementor-element-8a90635 e-flex e-con-boxed e-con e-parent\" data-id=\"8a90635\" data-element_type=\"container\" data-settings=\"{&quot;background_background&quot;:&quot;classic&quot;}\">\n\t\t\t\t\t<div class=\"e-con-inner\">\n\t\t\t\t<div class=\"elementor-element elementor-element-21e8688 elementor-widget elementor-widget-art-heading\" data-id=\"21e8688\" data-element_type=\"widget\" data-widget_type=\"art-heading.default\">\n\t\t\t\t<div class=\"elementor-widget-container\">\n\t\t\t\t\t\r\n        <h2 class=\"art-heading-text art-h1\">Negentien jaar ervaring<\/h2>\r\n        \t\t\t\t<\/div>\n\t\t\t\t<\/div>\n\t\t\t\t<div class=\"elementor-element elementor-element-e6eb025 elementor-widget elementor-widget-text-editor\" data-id=\"e6eb025\" data-element_type=\"widget\" data-widget_type=\"text-editor.default\">\n\t\t\t\t<div class=\"elementor-widget-container\">\n\t\t\t\t\t\t\t\t\t<div class=\"flex-shrink-0 flex flex-col relative items-end\"><div><div class=\"pt-0\"><div class=\"gizmo-bot-avatar flex h-8 w-8 items-center justify-center overflow-hidden rounded-full\"><div class=\"relative p-1 rounded-sm flex items-center justify-center bg-token-main-surface-primary text-token-text-primary h-8 w-8\"><strong>Ik begon mijn carri\u00e8re als professionele Dominatrix op 18-jarige leeftijd, inmiddels 19 jaar geleden!<\/strong><\/div><\/div><\/div><\/div><\/div><div class=\"group\/conversation-turn relative flex w-full min-w-0 flex-col agent-turn\"><div class=\"flex-col gap-1 md:gap-3\"><div class=\"flex max-w-full flex-col flex-grow\"><div class=\"min-h-8 text-message flex w-full flex-col items-end gap-2 whitespace-normal break-words text-start [.text-message+&amp;]:mt-5\" dir=\"auto\" data-message-author-role=\"assistant\" data-message-id=\"9274b78c-abe2-4844-b9d6-6fd3363fe518\" data-message-model-slug=\"gpt-4o\"><div class=\"flex w-full flex-col gap-1 empty:hidden first:pt-[3px]\"><div class=\"markdown prose w-full break-words dark:prose-invert light\"><p>Ik ben opgegroeid als Jehova\u2019s Getuige in een strikte, genderconforme omgeving en worstelde met de starre verwachtingen en de anti-LHBTQ+ sfeer. Ik koos mijn eigen pad, liet mijn familie achter, veranderde mijn achternaam en streefde ernaar een ruimte te cre\u00ebren waar mensen hun kink en genderidentiteit vrij kunnen verkennen.<\/p><p>Gedreven door mijn persoonlijke ervaringen heb ik diensten ontwikkeld die individuen ondersteunen in verschillende stadia van hun verkenning en identiteitsreis.<\/p><p>Hoewel ik een sadistische aard bezit, kanaliseer ik deze naar positieve doelen. Het begeleiden van mensen op hun BDSM-reis is een oprechte passie van mij.<\/p><p>Ik ben ook therapeut, seksuoloog, columnist, gendertransformatiespecialist en make-upartiest. Daarnaast werk ik als crossdress- en transitiecoach en modeontwerper. E\u00e9n van mijn specialismen is gendertransformatie. Ik wil dat mensen zich vrij voelen om hun gendergevoelens te verkennen tijdens BDSM-sessies met mij.<\/p><p>Mijn wereld straalt verfijning, elegantie en klasse uit, en ik verwacht dat mijn subs en slaven deze kwaliteiten weerspiegelen. Of je nu een plichtsgetrouwe slaaf, submissive, huisdier, object, &#8220;sissy&#8221; (bij gebrek aan een beter woord), kamermeisje of een verfijnde dame wilt zijn, ik ben de Meesteres die je zocht.<\/p><p>Ik heb in het verleden veel plezier beleefd aan het verkennen van diverse professionele wegen, van ontwerpen voor Fashion Week (uitgelicht in Vogue) en styling voor de MTV Awards, tot werken in de archeologie en deelnemen aan opgravingen en restauraties. Ook heb ik voor de Titanic-artefacttentoonstellingen van National Geographic Channel gewerkt. Daarnaast heb ik eerder meubels en antiek gerestaureerd, maar door mijn drukke schema is het moeilijk geworden om dit bij te houden.<\/p><p>Als succesvolle zakenvrouw ben ik betrokken bij verschillende spannende ondernemingen. Ik word gedreven door mijn passie voor het leven en streef ernaar alles te geven. Om Nelson Mandela te citeren:<br \/><em>&#8220;There is no passion to be found playing small \u2013 in settling for a life that is less than the one you are capable of living.&#8221;<\/em><\/p><\/div><\/div><\/div><\/div><\/div><\/div>\t\t\t\t\t\t\t\t<\/div>\n\t\t\t\t<\/div>\n\t\t\t\t\t<\/div>\n\t\t\t\t<\/div>\n\t\t<div class=\"elementor-element elementor-element-6f52020 e-flex e-con-boxed e-con e-parent\" data-id=\"6f52020\" data-element_type=\"container\" data-settings=\"{&quot;background_background&quot;:&quot;classic&quot;}\">\n\t\t\t\t\t<div class=\"e-con-inner\">\n\t\t<div class=\"elementor-element elementor-element-a51a665 e-con-full e-flex e-con e-child\" data-id=\"a51a665\" data-element_type=\"container\">\n\t\t\t\t<div class=\"elementor-element elementor-element-11130ca elementor-widget__width-initial elementor-widget elementor-widget-image\" data-id=\"11130ca\" data-element_type=\"widget\" data-widget_type=\"image.default\">\n\t\t\t\t<div class=\"elementor-widget-container\">\n\t\t\t\t\t\t\t\t\t\t\t\t\t\t\t<img decoding=\"async\" width=\"683\" height=\"1024\" src=\"https:\/\/cdn.theladylux.com\/com-submittolux\/wp-content\/uploads\/2024\/12\/05141955\/20221021_TheLadyLux_06723-683x1024.jpg\" class=\"attachment-large size-large wp-image-341\" alt=\"The Lady Lux\" srcset=\"https:\/\/cdn.theladylux.com\/com-submittolux\/wp-content\/uploads\/2024\/12\/05141955\/20221021_TheLadyLux_06723-683x1024.jpg 683w, https:\/\/cdn.theladylux.com\/com-submittolux\/wp-content\/uploads\/2024\/12\/05141955\/20221021_TheLadyLux_06723-200x300.jpg 200w, https:\/\/cdn.theladylux.com\/com-submittolux\/wp-content\/uploads\/2024\/12\/05141955\/20221021_TheLadyLux_06723-768x1152.jpg 768w, https:\/\/cdn.theladylux.com\/com-submittolux\/wp-content\/uploads\/2024\/12\/05141955\/20221021_TheLadyLux_06723-1024x1536.jpg 1024w, https:\/\/cdn.theladylux.com\/com-submittolux\/wp-content\/uploads\/2024\/12\/05141955\/20221021_TheLadyLux_06723-1365x2048.jpg 1365w, https:\/\/cdn.theladylux.com\/com-submittolux\/wp-content\/uploads\/2024\/12\/05141955\/20221021_TheLadyLux_06723-555x833.jpg 555w, https:\/\/cdn.theladylux.com\/com-submittolux\/wp-content\/uploads\/2024\/12\/05141955\/20221021_TheLadyLux_06723.jpg 1440w\" sizes=\"(max-width: 683px) 100vw, 683px\" \/>\t\t\t\t\t\t\t\t\t\t\t\t\t\t\t<\/div>\n\t\t\t\t<\/div>\n\t\t\t\t<\/div>\n\t\t<div class=\"elementor-element elementor-element-63f9415 e-con-full e-flex e-con e-child\" data-id=\"63f9415\" data-element_type=\"container\">\n\t\t\t\t<div class=\"elementor-element elementor-element-10dcf09 elementor-widget elementor-widget-art-heading\" data-id=\"10dcf09\" data-element_type=\"widget\" data-widget_type=\"art-heading.default\">\n\t\t\t\t<div class=\"elementor-widget-container\">\n\t\t\t\t\t\r\n        <h2 class=\"art-heading-text art-h1\">Meer dan BDSM<\/h2>\r\n        \t\t\t\t<\/div>\n\t\t\t\t<\/div>\n\t\t\t\t<div class=\"elementor-element elementor-element-53342af elementor-widget elementor-widget-text-editor\" data-id=\"53342af\" data-element_type=\"widget\" data-widget_type=\"text-editor.default\">\n\t\t\t\t<div class=\"elementor-widget-container\">\n\t\t\t\t\t\t\t\t\t<p>Naast haar werk als Pro Domme werkt ze ook als therapeut\/coach\/seksuoloog, met een praktijk die een breed scala aan ervaring omvat. Ze is gespecialiseerd in traumatherapie, inclusief religieuze traumatherapie (vooral voor ex-Getuigen van Jehovah), rouwbegeleiding, coaching voor individuen die hun genderidentiteit verkennen of in transitie zijn, en kinkcoaching, zowel \u00e9\u00e9n-op-\u00e9\u00e9n als voor koppels. (Op dit moment volgt ze meerdere studies.) Haar diverse expertise stelt haar in staat om een allesomvattende aanpak te bieden voor mentale gezondheid, gericht op een breed scala aan persoonlijke uitdagingen en levenspaden.<\/p><p>Haar praktijk gaat echter verder dan de traditionele therapeutische setting. Ze faciliteert ook kinkverkenningssessies, waarin individuen en koppels vrijuit kunnen praten over hun interesses en verlangens met betrekking tot BDSM.<\/p><p><strong>Als je deze vorm van coaching wilt verkennen, aarzel dan niet om via e-mail contact op te nemen voor meer informatie.<\/strong><\/p>\t\t\t\t\t\t\t\t<\/div>\n\t\t\t\t<\/div>\n\t\t\t\t<\/div>\n\t\t\t\t\t<\/div>\n\t\t\t\t<\/div>\n\t\t<div class=\"elementor-element elementor-element-fbfae03 e-flex e-con-boxed e-con e-parent\" data-id=\"fbfae03\" data-element_type=\"container\" data-settings=\"{&quot;background_background&quot;:&quot;classic&quot;}\">\n\t\t\t\t\t<div class=\"e-con-inner\">\n\t\t\t\t<div class=\"elementor-element elementor-element-dd3a4ab elementor-widget elementor-widget-art-heading\" data-id=\"dd3a4ab\" data-element_type=\"widget\" data-widget_type=\"art-heading.default\">\n\t\t\t\t<div class=\"elementor-widget-container\">\n\t\t\t\t\t\r\n        <h2 class=\"art-heading-text art-h1\">Lux begrijpen<\/h2>\r\n        \t\t\t\t<\/div>\n\t\t\t\t<\/div>\n\t\t\t\t<div class=\"elementor-element elementor-element-6712ca3 elementor-widget elementor-widget-text-editor\" data-id=\"6712ca3\" data-element_type=\"widget\" data-widget_type=\"text-editor.default\">\n\t\t\t\t<div class=\"elementor-widget-container\">\n\t\t\t\t\t\t\t\t\t<p>Houd er rekening mee dat Lux een Lady en een Dominatrix is, geen escort. Haar sessies bevatten geen enkele vorm van seksuele activiteiten. Bij het bijwonen van een sessie wordt verwacht dat je intieme delen bedekt blijven en bij voorkeur stevig opgesloten zijn. Ze heeft geen enkele behoefte om deze te zien of aan te raken. Je bent hier om haar professionele dominantie en training te zoeken. Als je seksuele bevrediging zoekt, zijn er genoeg andere plaatsen waar je dat kunt vinden. Haar diensten draaien volledig om professionele dominantie en training, met de nadruk uitsluitend op dat aspect.<\/p><p>The Lady Lux gaat alleen in op sessies die zij persoonlijk plezierig vindt, en ze geniet ervan om op unieke therapeutische manieren samen te werken met haar subs en cli\u00ebnten. Hoewel ze streng en zelfs sadistisch kan zijn, toont ze ook empathie en cre\u00ebert ze een omgeving waarin je jezelf vrij kunt uiten.<\/p><p><strong>Deze coachingsessies worden uitsluitend gehouden in haar priv\u00e9studio; ze werkt niet op andere locaties.<\/strong><\/p>\t\t\t\t\t\t\t\t<\/div>\n\t\t\t\t<\/div>\n\t\t\t\t\t<\/div>\n\t\t\t\t<\/div>\n\t\t\t\t<\/div>\n\t\t","protected":false},"excerpt":{"rendered":"<p>De titels \u2018Lady\u2019 of \u2018Milady\u2019 zijn niet zomaar willekeurige bijnamen op sociale media; naast mijn verfijning en stijl verwijzen deze titels naar mijn echte adellijke afkomst. Ik ben een afstammeling van een beruchte Nederlandse heer, en mijn voorouders hielden een kasteel 156 jaar lang in bezit. Wat betreft de andere tak van mijn familie, ben&#8230;<\/p>\n","protected":false},"author":6,"featured_media":0,"parent":0,"menu_order":0,"comment_status":"closed","ping_status":"closed","template":"","meta":{"_acf_changed":false,"inline_featured_image":false,"footnotes":""},"class_list":["post-772","page","type-page","status-publish","hentry"],"acf":[],"yoast_head":"<!-- This site is optimized with the Yoast SEO plugin v26.5 - https:\/\/yoast.com\/wordpress\/plugins\/seo\/ -->\n<title>Over Lux - The Lady Lux<\/title>\n<meta name=\"robots\" content=\"index, follow, max-snippet:-1, max-image-preview:large, max-video-preview:-1\" \/>\n<link rel=\"canonical\" href=\"https:\/\/submittolux.com\/nl\/over-lux\/\" \/>\n<meta property=\"og:locale\" content=\"nl_NL\" \/>\n<meta property=\"og:type\" content=\"article\" \/>\n<meta property=\"og:title\" content=\"Over Lux - The Lady Lux\" \/>\n<meta property=\"og:description\" content=\"De titels \u2018Lady\u2019 of \u2018Milady\u2019 zijn niet zomaar willekeurige bijnamen op sociale media; naast mijn verfijning en stijl verwijzen deze titels naar mijn echte adellijke afkomst. Ik ben een afstammeling van een beruchte Nederlandse heer, en mijn voorouders hielden een kasteel 156 jaar lang in bezit. Wat betreft de andere tak van mijn familie, ben...\" \/>\n<meta property=\"og:url\" content=\"https:\/\/submittolux.com\/nl\/over-lux\/\" \/>\n<meta property=\"og:site_name\" content=\"The Lady Lux\" \/>\n<meta property=\"article:modified_time\" content=\"2024-12-22T12:15:59+00:00\" \/>\n<meta property=\"og:image\" content=\"https:\/\/submittolux.com\/wp-content\/uploads\/2024\/12\/Ontwerp-zonder-titel-62-1024x1024.png\" \/>\n<meta name=\"twitter:card\" content=\"summary_large_image\" \/>\n<meta name=\"twitter:label1\" content=\"Geschatte leestijd\" \/>\n\t<meta name=\"twitter:data1\" content=\"5 minuten\" \/>\n<script type=\"application\/ld+json\" class=\"yoast-schema-graph\">{\"@context\":\"https:\/\/schema.org\",\"@graph\":[{\"@type\":\"WebPage\",\"@id\":\"https:\/\/submittolux.com\/nl\/over-lux\/\",\"url\":\"https:\/\/submittolux.com\/nl\/over-lux\/\",\"name\":\"Over Lux - The Lady Lux\",\"isPartOf\":{\"@id\":\"https:\/\/submittolux.com\/nl\/#website\"},\"primaryImageOfPage\":{\"@id\":\"https:\/\/submittolux.com\/nl\/over-lux\/#primaryimage\"},\"image\":{\"@id\":\"https:\/\/submittolux.com\/nl\/over-lux\/#primaryimage\"},\"thumbnailUrl\":\"https:\/\/submittolux.com\/wp-content\/uploads\/2024\/12\/Ontwerp-zonder-titel-62-1024x1024.png\",\"datePublished\":\"2024-11-27T11:30:42+00:00\",\"dateModified\":\"2024-12-22T12:15:59+00:00\",\"breadcrumb\":{\"@id\":\"https:\/\/submittolux.com\/nl\/over-lux\/#breadcrumb\"},\"inLanguage\":\"nl-NL\",\"potentialAction\":[{\"@type\":\"ReadAction\",\"target\":[\"https:\/\/submittolux.com\/nl\/over-lux\/\"]}]},{\"@type\":\"ImageObject\",\"inLanguage\":\"nl-NL\",\"@id\":\"https:\/\/submittolux.com\/nl\/over-lux\/#primaryimage\",\"url\":\"https:\/\/submittolux.com\/wp-content\/uploads\/2024\/12\/Ontwerp-zonder-titel-62-1024x1024.png\",\"contentUrl\":\"https:\/\/submittolux.com\/wp-content\/uploads\/2024\/12\/Ontwerp-zonder-titel-62-1024x1024.png\"},{\"@type\":\"BreadcrumbList\",\"@id\":\"https:\/\/submittolux.com\/nl\/over-lux\/#breadcrumb\",\"itemListElement\":[{\"@type\":\"ListItem\",\"position\":1,\"name\":\"Home\",\"item\":\"https:\/\/submittolux.com\/nl\/\"},{\"@type\":\"ListItem\",\"position\":2,\"name\":\"Over Lux\"}]},{\"@type\":\"WebSite\",\"@id\":\"https:\/\/submittolux.com\/nl\/#website\",\"url\":\"https:\/\/submittolux.com\/nl\/\",\"name\":\"The Lady Lux\",\"description\":\"The strict coach and professional diciplinarian\",\"potentialAction\":[{\"@type\":\"SearchAction\",\"target\":{\"@type\":\"EntryPoint\",\"urlTemplate\":\"https:\/\/submittolux.com\/nl\/?s={search_term_string}\"},\"query-input\":{\"@type\":\"PropertyValueSpecification\",\"valueRequired\":true,\"valueName\":\"search_term_string\"}}],\"inLanguage\":\"nl-NL\"}]}<\/script>\n<!-- \/ Yoast SEO plugin. -->","yoast_head_json":{"title":"Over Lux - The Lady Lux","robots":{"index":"index","follow":"follow","max-snippet":"max-snippet:-1","max-image-preview":"max-image-preview:large","max-video-preview":"max-video-preview:-1"},"canonical":"https:\/\/submittolux.com\/nl\/over-lux\/","og_locale":"nl_NL","og_type":"article","og_title":"Over Lux - The Lady Lux","og_description":"De titels \u2018Lady\u2019 of \u2018Milady\u2019 zijn niet zomaar willekeurige bijnamen op sociale media; naast mijn verfijning en stijl verwijzen deze titels naar mijn echte adellijke afkomst. Ik ben een afstammeling van een beruchte Nederlandse heer, en mijn voorouders hielden een kasteel 156 jaar lang in bezit. Wat betreft de andere tak van mijn familie, ben...","og_url":"https:\/\/submittolux.com\/nl\/over-lux\/","og_site_name":"The Lady Lux","article_modified_time":"2024-12-22T12:15:59+00:00","og_image":[{"url":"https:\/\/submittolux.com\/wp-content\/uploads\/2024\/12\/Ontwerp-zonder-titel-62-1024x1024.png","type":"","width":"","height":""}],"twitter_card":"summary_large_image","twitter_misc":{"Geschatte leestijd":"5 minuten"},"schema":{"@context":"https:\/\/schema.org","@graph":[{"@type":"WebPage","@id":"https:\/\/submittolux.com\/nl\/over-lux\/","url":"https:\/\/submittolux.com\/nl\/over-lux\/","name":"Over Lux - The Lady Lux","isPartOf":{"@id":"https:\/\/submittolux.com\/nl\/#website"},"primaryImageOfPage":{"@id":"https:\/\/submittolux.com\/nl\/over-lux\/#primaryimage"},"image":{"@id":"https:\/\/submittolux.com\/nl\/over-lux\/#primaryimage"},"thumbnailUrl":"https:\/\/submittolux.com\/wp-content\/uploads\/2024\/12\/Ontwerp-zonder-titel-62-1024x1024.png","datePublished":"2024-11-27T11:30:42+00:00","dateModified":"2024-12-22T12:15:59+00:00","breadcrumb":{"@id":"https:\/\/submittolux.com\/nl\/over-lux\/#breadcrumb"},"inLanguage":"nl-NL","potentialAction":[{"@type":"ReadAction","target":["https:\/\/submittolux.com\/nl\/over-lux\/"]}]},{"@type":"ImageObject","inLanguage":"nl-NL","@id":"https:\/\/submittolux.com\/nl\/over-lux\/#primaryimage","url":"https:\/\/submittolux.com\/wp-content\/uploads\/2024\/12\/Ontwerp-zonder-titel-62-1024x1024.png","contentUrl":"https:\/\/submittolux.com\/wp-content\/uploads\/2024\/12\/Ontwerp-zonder-titel-62-1024x1024.png"},{"@type":"BreadcrumbList","@id":"https:\/\/submittolux.com\/nl\/over-lux\/#breadcrumb","itemListElement":[{"@type":"ListItem","position":1,"name":"Home","item":"https:\/\/submittolux.com\/nl\/"},{"@type":"ListItem","position":2,"name":"Over Lux"}]},{"@type":"WebSite","@id":"https:\/\/submittolux.com\/nl\/#website","url":"https:\/\/submittolux.com\/nl\/","name":"The Lady Lux","description":"The strict coach and professional diciplinarian","potentialAction":[{"@type":"SearchAction","target":{"@type":"EntryPoint","urlTemplate":"https:\/\/submittolux.com\/nl\/?s={search_term_string}"},"query-input":{"@type":"PropertyValueSpecification","valueRequired":true,"valueName":"search_term_string"}}],"inLanguage":"nl-NL"}]}},"_links":{"self":[{"href":"https:\/\/submittolux.com\/nl\/wp-json\/wp\/v2\/pages\/772","targetHints":{"allow":["GET"]}}],"collection":[{"href":"https:\/\/submittolux.com\/nl\/wp-json\/wp\/v2\/pages"}],"about":[{"href":"https:\/\/submittolux.com\/nl\/wp-json\/wp\/v2\/types\/page"}],"author":[{"embeddable":true,"href":"https:\/\/submittolux.com\/nl\/wp-json\/wp\/v2\/users\/6"}],"replies":[{"embeddable":true,"href":"https:\/\/submittolux.com\/nl\/wp-json\/wp\/v2\/comments?post=772"}],"version-history":[{"count":7,"href":"https:\/\/submittolux.com\/nl\/wp-json\/wp\/v2\/pages\/772\/revisions"}],"predecessor-version":[{"id":1054,"href":"https:\/\/submittolux.com\/nl\/wp-json\/wp\/v2\/pages\/772\/revisions\/1054"}],"wp:attachment":[{"href":"https:\/\/submittolux.com\/nl\/wp-json\/wp\/v2\/media?parent=772"}],"curies":[{"name":"wp","href":"https:\/\/api.w.org\/{rel}","templated":true}]}}